{"id":603,"date":"2023-10-14T10:25:49","date_gmt":"2023-10-14T03:25:49","guid":{"rendered":"https:\/\/mtivn.com\/?page_id=603"},"modified":"2023-10-14T10:25:49","modified_gmt":"2023-10-14T03:25:49","slug":"about-us","status":"publish","type":"page","link":"https:\/\/mtivn.com\/en\/about-us\/","title":{"rendered":"About Us"},"content":{"rendered":"<section class=\"wpb-content-wrapper\"><p>[vc_row][vc_column]<div class=\"south-title text-center\">\n\t<h3 class=\"title\">Gi\u1edbi thi\u1ec7u <span>C\u00f4ng ty TNHH C\u00f4ng Nghi\u1ec7p MTI Vi\u1ec7t Nam<\/span><\/h3>\n\t<\/div>\n[vc_empty_space height=&#8221;25px&#8221;][\/vc_column][\/vc_row][vc_row][vc_column width=&#8221;1\/2&#8243;][vc_single_image image=&#8221;133&#8243; img_size=&#8221;full&#8221; el_class=&#8221;img-rouded&#8221;][\/vc_column][vc_column width=&#8221;1\/2&#8243;][vc_column_text]K\u00ednh g\u1eedi Qu\u00fd kh\u00e1ch,<\/p>\n<p>C\u00f4ng ty TNHH C\u00f4ng Nghi\u1ec7p MTI Vi\u1ec7t Nam \u0111\u01b0\u1ee3c h\u00ecnh th\u00e0nh v\u00e0 ph\u00e1t tri\u1ec3n sau m\u1ed9t th\u1eddi gian d\u00e0i t\u00edch l\u0169y kinh nghi\u1ec7m trong l\u0129nh v\u1ef1c cung c\u1ea5p thi\u1ebft b\u1ecb c\u00f4ng nghi\u1ec7p v\u00e0 gi\u1ea3i ph\u00e1p c\u00f4ng nghi\u1ec7p. S\u1ea3n ph\u1ea9m ch\u00ednh c\u1ee7a c\u00f4ng ty cung c\u1ea5p t\u1ea1i th\u1ecb tr\u01b0\u1eddng Vi\u1ec7t Nam l\u00e0 M\u00e1y n\u00e9n kh\u00ed, m\u00e1y ph\u00e1t \u0111i\u1ec7n , b\u01a1m c\u00f4ng nghi\u1ec7p&#8230; Hi\u1ec7n nay c\u00f4ng ty \u0111ang l\u00e0 nh\u00e0 cung c\u1ea5p \u1ee6y quy\u1ec1n ph\u00e2n ph\u1ed1i d\u00f2ng s\u1ea3n ph\u1ea9m M\u00e1y n\u00e9n kh\u00ed tr\u1ee5c v\u00edt th\u01b0\u01a1ng hi\u1ec7u BOGE (CHLB \u0110\u1ee9c) t\u1ea1i Vi\u1ec7t Nam. Th\u01b0\u01a1ng hi\u1ec7u BOGE c\u00f3 t\u1eeb n\u0103m 1907 t\u1ea1i CHLB \u0110\u1ee9c, BOGE l\u00e0 th\u01b0\u01a1ng hi\u1ec7u m\u00e1y n\u00e9n kh\u00ed s\u1ed1 1 t\u1ea1i CHLB \u0110\u1ee9c v\u00e0 chi\u1ebfm th\u1ecb ph\u1ea7n cao tr\u00ean th\u1ebf gi\u1edbi. \u1ede Vi\u1ec7t Nam th\u01b0\u01a1ng hi\u1ec7u BOGE c\u00f3 t\u1eeb n\u0103m 1995 v\u00e0 \u0111ang ng\u00e0y c\u00e0ng c\u1ee7ng c\u1ed1 v\u1ecb th\u1ebf trong m\u1ed9t s\u1ed1 ng\u00e0nh c\u00f4ng nghi\u1ec7p quan tr\u1ecdng: C\u01a1 kh\u00ed, H\u00e0ng H\u1ea3i, D\u1ea7u kh\u00ed, H\u00f3a ch\u1ea5t, D\u01b0\u1ee3c ph\u1ea9m, Th\u1ef1c ph\u1ea9m, B\u1ec7nh vi\u1ec7n,&#8230;<\/p>\n<p>Ngo\u00e0i ra, MTI Vi\u1ec7t Nam c\u00f2n l\u00e0 nh\u00e0 cung c\u1ea5p \u1ee7y quy\u1ec1n ph\u00e2n ph\u1ed1i m\u00e1y ph\u00e1t \u0111i\u1ec7n Cummins v\u00e0 B\u01a1m c\u00f4ng nghi\u1ec7p NASH, BUSCH.<\/p>\n<p>D\u1ecbch v\u1ee5 l\u1eafp \u0111\u1eb7t, b\u1ea3o tr\u00ec, b\u1ea3o d\u01b0\u1ee1ng, thi c\u00f4ng h\u1ec7 th\u1ed1ng kh\u00ed n\u00e9n, PCCN, n\u01b0\u1edbc tu\u1ea7n ho\u00e0n,&#8230; ng\u00e0y c\u00e0ng \u0111\u01b0\u1ee3c ho\u00e0n thi\u1ec7n, \u0111\u00e1p \u1ee9ng nhanh ch\u00f3ng t\u1ea1o l\u00f2ng tin v\u1edbi kh\u00e1ch h\u00e0ng.<\/p>\n<p>\u0110\u1ec3 bi\u1ebft th\u00eam th\u00f4ng tin v\u1ec1 s\u1ea3n ph\u1ea9m, d\u1ecbch v\u1ee5 v\u00e0 gi\u00e1 c\u1ea3 Qu\u00fd kh\u00e1ch vui l\u00f2ng li\u00ean h\u1ec7 tr\u1ef1c ti\u1ebfp v\u1edbi c\u00f4ng ty MTI Vi\u1ec7t Nam \u0111\u1ec3 \u0111\u01b0\u1ee3c gi\u1ea3i \u0111\u00e1p nhanh ch\u00f3ng nh\u1ea5t.[\/vc_column_text][\/vc_column][\/vc_row][vc_row][vc_column width=&#8221;1\/4&#8243;][\/vc_column][vc_column width=&#8221;1\/2&#8243; el_class=&#8221;wrap-ttlh&#8221;]<div class=\"south-title text-center\">\n\t<h3 class=\"title\">Th\u00f4ng tin <span>Li\u00ean h\u1ec7<\/span><\/h3>\n\t<\/div>\n[vc_empty_space height=&#8221;20px&#8221;][vc_column_text css=&#8221;.vc_custom_1669888595513{margin-bottom: 0px !important;}&#8221;]<strong><span style=\"color: #0000ff;\">C\u00d4NG TY TNHH C\u00d4NG NGHI\u1ec6P MTI VI\u1ec6T NAM<\/span><\/strong><\/p>\n<p>V\u0103n Ph\u00f2ng t\u1ea1i TP. HCM: 30 \u0111\u01b0\u1eddng D4A, P. Ph\u01b0\u1edbc Long B, TP. Th\u1ee7 \u0110\u1ee9c, TP. HCM<\/p>\n<p>\u0110i\u1ec7n tho\u1ea1i: 028. 6282 7232 &#8211; Fax: 08. 6232 6316 &#8211; Hotline: <span style=\"color: #ff0000;\">0902 006 109<\/span><\/p>\n<p>VP\u0110D t\u1ea1i TP. H\u00e0 N\u1ed9i: S\u1ed1 15A, Ng\u00f5 24, Khu \u0110\u00f4 Th\u1ecb V\u0103n Ph\u00fa, P. Ph\u00fa La, Q. H\u00e0 \u0110\u00f4ng, TP. H\u00e0 N\u1ed9i<\/p>\n<p>\u0110i\u1ec7n tho\u1ea1i: 024. 3200 9404 &#8211; Hotline:\u00a0<span style=\"color: #ff0000;\">0903 766 804\u00a0<\/span><\/p>\n<div>Website:\u00a0<span style=\"color: #0000ff;\"><a href=\"https:\/\/mtivn.com\/\" target=\"_blank\" rel=\"noopener\">http:\/\/www.mtivn.com<\/a>\u00a0<\/span><span style=\"color: #222222;\">or<\/span><span style=\"color: #0000ff;\">\u00a0<a href=\"http:\/\/www.boge.vn\/\" target=\"_blank\" rel=\"noopener\">http:\/\/www.boge.vn<\/a><\/span><\/div>\n<p>Email:<span style=\"color: #0000ff;\">\u00a0<\/span><span style=\"color: #0000ff;\"><a href=\"mailto:info@mtivn.com\" target=\"_blank\" rel=\"noopener\">info@mtivn.com<\/a>\u00a0<\/span><span style=\"color: #222222;\">\u00a0&#8211;\u00a0 Tax Code: 0311 897 953<\/span>[\/vc_column_text][\/vc_column][vc_column width=&#8221;1\/4&#8243;][\/vc_column][\/vc_row]<\/p>\n<\/section>","protected":false},"excerpt":{"rendered":"<p>[vc_row][vc_column][vc_empty_space height=&#8221;25px&#8221;][\/vc_column][\/vc_row][vc_row][vc_column width=&#8221;1\/2&#8243;][vc_single_image image=&#8221;133&#8243; img_size=&#8221;full&#8221; el_class=&#8221;img-rouded&#8221;][\/vc_column][vc_column width=&#8221;1\/2&#8243;][vc_column_text]K\u00ednh g\u1eedi Qu\u00fd kh\u00e1ch, C\u00f4ng ty TNHH C\u00f4ng Nghi\u1ec7p MTI Vi\u1ec7t Nam \u0111\u01b0\u1ee3c h\u00ecnh th\u00e0nh v\u00e0 ph\u00e1t tri\u1ec3n sau m\u1ed9t th\u1eddi gian d\u00e0i t\u00edch l\u0169y kinh nghi\u1ec7m trong l\u0129nh v\u1ef1c cung c\u1ea5p thi\u1ebft b\u1ecb c\u00f4ng nghi\u1ec7p v\u00e0 gi\u1ea3i ph\u00e1p c\u00f4ng nghi\u1ec7p. S\u1ea3n ph\u1ea9m ch\u00ednh c\u1ee7a c\u00f4ng ty cung c\u1ea5p<\/p>\n","protected":false},"author":1,"featured_media":0,"parent":0,"menu_order":0,"comment_status":"closed","ping_status":"closed","template":"page-templates\/fullwidthpage.php","meta":{"footnotes":""},"class_list":["post-603","page","type-page","status-publish","hentry"],"acf":[],"yoast_head":"<!-- This site is optimized with the Yoast SEO plugin v27.1.1 - https:\/\/yoast.com\/product\/yoast-seo-wordpress\/ -->\n<title>About Us - BOGE VI\u1ec6T NAM<\/title>\n<meta name=\"robots\" content=\"index, follow, max-snippet:-1, max-image-preview:large, max-video-preview:-1\" \/>\n<link rel=\"canonical\" href=\"https:\/\/mtivn.com\/gioi-thieu\/\" \/>\n<meta property=\"og:locale\" content=\"en_US\" \/>\n<meta property=\"og:type\" content=\"article\" \/>\n<meta property=\"og:title\" content=\"About Us - BOGE VI\u1ec6T NAM\" \/>\n<meta property=\"og:description\" content=\"[vc_row][vc_column][vc_empty_space height=&#8221;25px&#8221;][\/vc_column][\/vc_row][vc_row][vc_column width=&#8221;1\/2&#8243;][vc_single_image image=&#8221;133&#8243; img_size=&#8221;full&#8221; el_class=&#8221;img-rouded&#8221;][\/vc_column][vc_column width=&#8221;1\/2&#8243;][vc_column_text]K\u00ednh g\u1eedi Qu\u00fd kh\u00e1ch, C\u00f4ng ty TNHH C\u00f4ng Nghi\u1ec7p MTI Vi\u1ec7t Nam \u0111\u01b0\u1ee3c h\u00ecnh th\u00e0nh v\u00e0 ph\u00e1t tri\u1ec3n sau m\u1ed9t th\u1eddi gian d\u00e0i t\u00edch l\u0169y kinh nghi\u1ec7m trong l\u0129nh v\u1ef1c cung c\u1ea5p thi\u1ebft b\u1ecb c\u00f4ng nghi\u1ec7p v\u00e0 gi\u1ea3i ph\u00e1p c\u00f4ng nghi\u1ec7p. S\u1ea3n ph\u1ea9m ch\u00ednh c\u1ee7a c\u00f4ng ty cung c\u1ea5p\" \/>\n<meta property=\"og:url\" content=\"https:\/\/mtivn.com\/gioi-thieu\/\" \/>\n<meta property=\"og:site_name\" content=\"BOGE VI\u1ec6T NAM\" \/>\n<meta name=\"twitter:card\" content=\"summary_large_image\" \/>\n<meta name=\"twitter:label1\" content=\"Est. reading time\" \/>\n\t<meta name=\"twitter:data1\" content=\"2 minutes\" \/>\n<script type=\"application\/ld+json\" class=\"yoast-schema-graph\">{\"@context\":\"https:\/\/schema.org\",\"@graph\":[{\"@type\":\"WebPage\",\"@id\":\"https:\/\/mtivn.com\/gioi-thieu\/\",\"url\":\"https:\/\/mtivn.com\/gioi-thieu\/\",\"name\":\"About Us - BOGE VI\u1ec6T NAM\",\"isPartOf\":{\"@id\":\"https:\/\/mtivn.com\/#website\"},\"datePublished\":\"2023-10-14T03:25:49+00:00\",\"breadcrumb\":{\"@id\":\"https:\/\/mtivn.com\/gioi-thieu\/#breadcrumb\"},\"inLanguage\":\"en-US\",\"potentialAction\":[{\"@type\":\"ReadAction\",\"target\":[\"https:\/\/mtivn.com\/gioi-thieu\/\"]}]},{\"@type\":\"BreadcrumbList\",\"@id\":\"https:\/\/mtivn.com\/gioi-thieu\/#breadcrumb\",\"itemListElement\":[{\"@type\":\"ListItem\",\"position\":1,\"name\":\"Trang ch\u1ee7\",\"item\":\"https:\/\/mtivn.com\/\"},{\"@type\":\"ListItem\",\"position\":2,\"name\":\"About Us\"}]},{\"@type\":\"WebSite\",\"@id\":\"https:\/\/mtivn.com\/#website\",\"url\":\"https:\/\/mtivn.com\/\",\"name\":\"BOGE VI\u1ec6T NAM\",\"description\":\"Chuy\u00ean cung c\u1ea5p H\u1ec7 Th\u1ed1ng Kh\u00ed N\u00e9n Boge\",\"potentialAction\":[{\"@type\":\"SearchAction\",\"target\":{\"@type\":\"EntryPoint\",\"urlTemplate\":\"https:\/\/mtivn.com\/?s={search_term_string}\"},\"query-input\":{\"@type\":\"PropertyValueSpecification\",\"valueRequired\":true,\"valueName\":\"search_term_string\"}}],\"inLanguage\":\"en-US\"}]}<\/script>\n<!-- \/ Yoast SEO plugin. -->","yoast_head_json":{"title":"About Us - BOGE VI\u1ec6T NAM","robots":{"index":"index","follow":"follow","max-snippet":"max-snippet:-1","max-image-preview":"max-image-preview:large","max-video-preview":"max-video-preview:-1"},"canonical":"https:\/\/mtivn.com\/gioi-thieu\/","og_locale":"en_US","og_type":"article","og_title":"About Us - BOGE VI\u1ec6T NAM","og_description":"[vc_row][vc_column][vc_empty_space height=&#8221;25px&#8221;][\/vc_column][\/vc_row][vc_row][vc_column width=&#8221;1\/2&#8243;][vc_single_image image=&#8221;133&#8243; img_size=&#8221;full&#8221; el_class=&#8221;img-rouded&#8221;][\/vc_column][vc_column width=&#8221;1\/2&#8243;][vc_column_text]K\u00ednh g\u1eedi Qu\u00fd kh\u00e1ch, C\u00f4ng ty TNHH C\u00f4ng Nghi\u1ec7p MTI Vi\u1ec7t Nam \u0111\u01b0\u1ee3c h\u00ecnh th\u00e0nh v\u00e0 ph\u00e1t tri\u1ec3n sau m\u1ed9t th\u1eddi gian d\u00e0i t\u00edch l\u0169y kinh nghi\u1ec7m trong l\u0129nh v\u1ef1c cung c\u1ea5p thi\u1ebft b\u1ecb c\u00f4ng nghi\u1ec7p v\u00e0 gi\u1ea3i ph\u00e1p c\u00f4ng nghi\u1ec7p. S\u1ea3n ph\u1ea9m ch\u00ednh c\u1ee7a c\u00f4ng ty cung c\u1ea5p","og_url":"https:\/\/mtivn.com\/gioi-thieu\/","og_site_name":"BOGE VI\u1ec6T NAM","twitter_card":"summary_large_image","twitter_misc":{"Est. reading time":"2 minutes"},"schema":{"@context":"https:\/\/schema.org","@graph":[{"@type":"WebPage","@id":"https:\/\/mtivn.com\/gioi-thieu\/","url":"https:\/\/mtivn.com\/gioi-thieu\/","name":"About Us - BOGE VI\u1ec6T NAM","isPartOf":{"@id":"https:\/\/mtivn.com\/#website"},"datePublished":"2023-10-14T03:25:49+00:00","breadcrumb":{"@id":"https:\/\/mtivn.com\/gioi-thieu\/#breadcrumb"},"inLanguage":"en-US","potentialAction":[{"@type":"ReadAction","target":["https:\/\/mtivn.com\/gioi-thieu\/"]}]},{"@type":"BreadcrumbList","@id":"https:\/\/mtivn.com\/gioi-thieu\/#breadcrumb","itemListElement":[{"@type":"ListItem","position":1,"name":"Trang ch\u1ee7","item":"https:\/\/mtivn.com\/"},{"@type":"ListItem","position":2,"name":"About Us"}]},{"@type":"WebSite","@id":"https:\/\/mtivn.com\/#website","url":"https:\/\/mtivn.com\/","name":"BOGE VI\u1ec6T NAM","description":"Chuy\u00ean cung c\u1ea5p H\u1ec7 Th\u1ed1ng Kh\u00ed N\u00e9n Boge","potentialAction":[{"@type":"SearchAction","target":{"@type":"EntryPoint","urlTemplate":"https:\/\/mtivn.com\/?s={search_term_string}"},"query-input":{"@type":"PropertyValueSpecification","valueRequired":true,"valueName":"search_term_string"}}],"inLanguage":"en-US"}]}},"_links":{"self":[{"href":"https:\/\/mtivn.com\/en\/wp-json\/wp\/v2\/pages\/603","targetHints":{"allow":["GET"]}}],"collection":[{"href":"https:\/\/mtivn.com\/en\/wp-json\/wp\/v2\/pages"}],"about":[{"href":"https:\/\/mtivn.com\/en\/wp-json\/wp\/v2\/types\/page"}],"author":[{"embeddable":true,"href":"https:\/\/mtivn.com\/en\/wp-json\/wp\/v2\/users\/1"}],"replies":[{"embeddable":true,"href":"https:\/\/mtivn.com\/en\/wp-json\/wp\/v2\/comments?post=603"}],"version-history":[{"count":1,"href":"https:\/\/mtivn.com\/en\/wp-json\/wp\/v2\/pages\/603\/revisions"}],"predecessor-version":[{"id":604,"href":"https:\/\/mtivn.com\/en\/wp-json\/wp\/v2\/pages\/603\/revisions\/604"}],"wp:attachment":[{"href":"https:\/\/mtivn.com\/en\/wp-json\/wp\/v2\/media?parent=603"}],"curies":[{"name":"wp","href":"https:\/\/api.w.org\/{rel}","templated":true}]}}