{"id":601,"date":"2023-10-14T10:25:27","date_gmt":"2023-10-14T03:25:27","guid":{"rendered":"https:\/\/mtivn.com\/?page_id=601"},"modified":"2023-10-14T10:25:27","modified_gmt":"2023-10-14T03:25:27","slug":"product","status":"publish","type":"page","link":"https:\/\/mtivn.com\/en\/product\/","title":{"rendered":"Product"},"content":{"rendered":"<section class=\"wpb-content-wrapper\"><p>[vc_row][vc_column][vc_column_text]Kh\u00ed n\u00e9n \u0111\u1ec3 \u0111\u00e1p \u1ee9ng t\u1ea5t c\u1ea3 c\u00e1c y\u00eau c\u1ea7u v\u00e0 \u0111\u00e1p \u1ee9ng nh\u1eefng y\u00eau c\u1ea7u kh\u1eaft khe nh\u1ea5t &#8211; \u0111\u00f3 l\u00e0 nh\u1eefng g\u00ec m\u00e0 c\u00e1c m\u00e1y n\u00e9n v\u00e0 gi\u1ea3i ph\u00e1p h\u1ec7 th\u1ed1ng c\u1ee7a ch\u00fang t\u00f4i \u0111\u00e3 \u0111\u01b0\u1ee3c ph\u00e1t tri\u1ec3n v\u1edbi \u0111\u1ed9 ch\u00ednh x\u00e1c cao. Cho d\u00f9 trong ng\u00e0nh th\u1ef1c ph\u1ea9m, nh\u1ef1a, th\u00e9p hay d\u01b0\u1ee3c ph\u1ea9m: c\u00e1c c\u00f4ng ty c\u00f4ng nghi\u1ec7p, c\u00e1c doanh nghi\u1ec7p th\u01b0\u01a1ng m\u1ea1i, c\u00e1c ph\u00f2ng kh\u00e1m v\u00e0 b\u1ec7nh vi\u1ec7n \u0111\u1ec1u \u0111\u00e1nh gi\u00e1 cao t\u00ednh \u0111\u00e1ng tin c\u1eady, hi\u1ec7u qu\u1ea3 v\u00e0 l\u1ee3i \u00edch ti\u1ebft ki\u1ec7m chi ph\u00ed c\u1ee7a s\u1ea3n ph\u1ea9m c\u1ee7a ch\u00fang t\u00f4i. Ph\u1ea1m vi gi\u1ea3i ph\u00e1p kh\u00ed n\u00e9n \u0111a d\u1ea1ng c\u1ee7a ch\u00fang t\u00f4i \u0111\u00e1p \u1ee9ng nhu c\u1ea7u ri\u00eang c\u1ee7a ng\u00e0nh c\u00f4ng nghi\u1ec7p v\u00e0 doanh nghi\u1ec7p c\u1ee7a b\u1ea1n. Ph\u1ea1m vi n\u00e0y bao g\u1ed3m t\u1eeb c\u00e1c m\u00e1y n\u00e9n ri\u00eang l\u1ebb ho\u1eb7c c\u00e1c th\u00e0nh ph\u1ea7n kh\u00ed n\u00e9n \u0111\u1ebfn c\u00e1c gi\u1ea3i ph\u00e1p h\u1ec7 th\u1ed1ng v\u00e0 d\u1ecbch v\u1ee5 ho\u00e0n ch\u1ec9nh. Trong tr\u01b0\u1eddng h\u1ee3p sau, ch\u00fang t\u00f4i ch\u0103m s\u00f3c kh\u00f4ng ch\u1ec9 qu\u00e1 tr\u00ecnh l\u1eafp \u0111\u1eb7t to\u00e0n b\u1ed9 h\u1ec7 th\u1ed1ng, m\u00e0 c\u00f2n theo d\u00f5i v\u00e0 b\u1ea3o tr\u00ec li\u00ean t\u1ee5c cho nh\u00e0 m\u00e1y c\u1ee7a b\u1ea1n. BOGE \u0111\u1ee9ng v\u1eefng cho kh\u00ed n\u00e9n \u0111\u01b0\u1ee3c t\u00f9y ch\u1ec9nh v\u00e0 \u0111i\u1ec1u ch\u1ec9nh theo nhu c\u1ea7u c\u1ee7a b\u1ea1n.[\/vc_column_text][\/vc_column][\/vc_row][vc_row][vc_column width=&#8221;1\/2&#8243;]<div class=\"default-service-column mb-5\">\n\t<div class=\"inner-box box-shadown\">\n\t\t<div class=\"inner-most\">\n\t\t\t<div class=\"image-box\">\n\t\t\t\t<a href=\"#\">\n\t\t\t\t\t<\/a><\/div>\n\t\t\t<div class=\"lower-part\">\n\t\t\t\t<h5 class=\"title\">Carefully Planned<\/h5>\n\t\t\t\t<div class=\"text\">Aenean massa. In ut quam vitae odio lacinia tincidunt. Donec elit libero, sodales nec, volutpat a, suscipit non, turpis. Maecenas nec odio et ante tincidunt tempus. Praesent ac massa at ligula laoreet iaculis.<\/div>\n\t\t\t\t<div class=\"more-link\"><a href=\"#\" class=\"read-more\">View more-><\/a><\/div>\n\t\t\t<\/div>\n\t\t<\/div>\n\t<\/div>\n<\/div>\n[\/vc_column][vc_column width=&#8221;1\/2&#8243;]<div class=\"default-service-column mb-5\">\n\t<div class=\"inner-box box-shadown\">\n\t\t<div class=\"inner-most\">\n\t\t\t<div class=\"image-box\">\n\t\t\t\t<a href=\"#\">\n\t\t\t\t\t<\/a><\/div>\n\t\t\t<div class=\"lower-part\">\n\t\t\t\t<h5 class=\"title\">Carefully Planned<\/h5>\n\t\t\t\t<div class=\"text\">Aenean massa. In ut quam vitae odio lacinia tincidunt. Donec elit libero, sodales nec, volutpat a, suscipit non, turpis. Maecenas nec odio et ante tincidunt tempus. Praesent ac massa at ligula laoreet iaculis.<\/div>\n\t\t\t\t<div class=\"more-link\"><a href=\"#\" class=\"read-more\">View more-><\/a><\/div>\n\t\t\t<\/div>\n\t\t<\/div>\n\t<\/div>\n<\/div>\n[\/vc_column][\/vc_row][vc_row][vc_column]<div class=\"section-cat-product\">\n<div class=\"row\">\n\t\t<\/div>\n<\/div>\n[\/vc_column][\/vc_row]<\/p>\n<\/section>","protected":false},"excerpt":{"rendered":"<p>[vc_row][vc_column][vc_column_text]Kh\u00ed n\u00e9n \u0111\u1ec3 \u0111\u00e1p \u1ee9ng t\u1ea5t c\u1ea3 c\u00e1c y\u00eau c\u1ea7u v\u00e0 \u0111\u00e1p \u1ee9ng nh\u1eefng y\u00eau c\u1ea7u kh\u1eaft khe nh\u1ea5t &#8211; \u0111\u00f3 l\u00e0 nh\u1eefng g\u00ec m\u00e0 c\u00e1c m\u00e1y n\u00e9n v\u00e0 gi\u1ea3i ph\u00e1p h\u1ec7 th\u1ed1ng c\u1ee7a ch\u00fang t\u00f4i \u0111\u00e3 \u0111\u01b0\u1ee3c ph\u00e1t tri\u1ec3n v\u1edbi \u0111\u1ed9 ch\u00ednh x\u00e1c cao. Cho d\u00f9 trong ng\u00e0nh th\u1ef1c ph\u1ea9m, nh\u1ef1a, th\u00e9p hay d\u01b0\u1ee3c<\/p>\n","protected":false},"author":1,"featured_media":0,"parent":0,"menu_order":0,"comment_status":"closed","ping_status":"closed","template":"page-templates\/fullwidthpage.php","meta":{"footnotes":""},"class_list":["post-601","page","type-page","status-publish","hentry"],"acf":[],"yoast_head":"<!-- This site is optimized with the Yoast SEO plugin v27.1.1 - https:\/\/yoast.com\/product\/yoast-seo-wordpress\/ -->\n<title>Product - BOGE VI\u1ec6T NAM<\/title>\n<meta name=\"robots\" content=\"index, follow, max-snippet:-1, max-image-preview:large, max-video-preview:-1\" \/>\n<link rel=\"canonical\" href=\"https:\/\/mtivn.com\/san-pham-2\/\" \/>\n<meta property=\"og:locale\" content=\"en_US\" \/>\n<meta property=\"og:type\" content=\"article\" \/>\n<meta property=\"og:title\" content=\"Product - BOGE VI\u1ec6T NAM\" \/>\n<meta property=\"og:description\" content=\"[vc_row][vc_column][vc_column_text]Kh\u00ed n\u00e9n \u0111\u1ec3 \u0111\u00e1p \u1ee9ng t\u1ea5t c\u1ea3 c\u00e1c y\u00eau c\u1ea7u v\u00e0 \u0111\u00e1p \u1ee9ng nh\u1eefng y\u00eau c\u1ea7u kh\u1eaft khe nh\u1ea5t &#8211; \u0111\u00f3 l\u00e0 nh\u1eefng g\u00ec m\u00e0 c\u00e1c m\u00e1y n\u00e9n v\u00e0 gi\u1ea3i ph\u00e1p h\u1ec7 th\u1ed1ng c\u1ee7a ch\u00fang t\u00f4i \u0111\u00e3 \u0111\u01b0\u1ee3c ph\u00e1t tri\u1ec3n v\u1edbi \u0111\u1ed9 ch\u00ednh x\u00e1c cao. Cho d\u00f9 trong ng\u00e0nh th\u1ef1c ph\u1ea9m, nh\u1ef1a, th\u00e9p hay d\u01b0\u1ee3c\" \/>\n<meta property=\"og:url\" content=\"https:\/\/mtivn.com\/san-pham-2\/\" \/>\n<meta property=\"og:site_name\" content=\"BOGE VI\u1ec6T NAM\" \/>\n<meta name=\"twitter:card\" content=\"summary_large_image\" \/>\n<meta name=\"twitter:label1\" content=\"Est. reading time\" \/>\n\t<meta name=\"twitter:data1\" content=\"2 minutes\" \/>\n<script type=\"application\/ld+json\" class=\"yoast-schema-graph\">{\"@context\":\"https:\/\/schema.org\",\"@graph\":[{\"@type\":\"WebPage\",\"@id\":\"https:\/\/mtivn.com\/san-pham-2\/\",\"url\":\"https:\/\/mtivn.com\/san-pham-2\/\",\"name\":\"Product - BOGE VI\u1ec6T NAM\",\"isPartOf\":{\"@id\":\"https:\/\/mtivn.com\/#website\"},\"datePublished\":\"2023-10-14T03:25:27+00:00\",\"breadcrumb\":{\"@id\":\"https:\/\/mtivn.com\/san-pham-2\/#breadcrumb\"},\"inLanguage\":\"en-US\",\"potentialAction\":[{\"@type\":\"ReadAction\",\"target\":[\"https:\/\/mtivn.com\/san-pham-2\/\"]}]},{\"@type\":\"BreadcrumbList\",\"@id\":\"https:\/\/mtivn.com\/san-pham-2\/#breadcrumb\",\"itemListElement\":[{\"@type\":\"ListItem\",\"position\":1,\"name\":\"Trang ch\u1ee7\",\"item\":\"https:\/\/mtivn.com\/\"},{\"@type\":\"ListItem\",\"position\":2,\"name\":\"Product\"}]},{\"@type\":\"WebSite\",\"@id\":\"https:\/\/mtivn.com\/#website\",\"url\":\"https:\/\/mtivn.com\/\",\"name\":\"BOGE VI\u1ec6T NAM\",\"description\":\"Chuy\u00ean cung c\u1ea5p H\u1ec7 Th\u1ed1ng Kh\u00ed N\u00e9n Boge\",\"potentialAction\":[{\"@type\":\"SearchAction\",\"target\":{\"@type\":\"EntryPoint\",\"urlTemplate\":\"https:\/\/mtivn.com\/?s={search_term_string}\"},\"query-input\":{\"@type\":\"PropertyValueSpecification\",\"valueRequired\":true,\"valueName\":\"search_term_string\"}}],\"inLanguage\":\"en-US\"}]}<\/script>\n<!-- \/ Yoast SEO plugin. -->","yoast_head_json":{"title":"Product - BOGE VI\u1ec6T NAM","robots":{"index":"index","follow":"follow","max-snippet":"max-snippet:-1","max-image-preview":"max-image-preview:large","max-video-preview":"max-video-preview:-1"},"canonical":"https:\/\/mtivn.com\/san-pham-2\/","og_locale":"en_US","og_type":"article","og_title":"Product - BOGE VI\u1ec6T NAM","og_description":"[vc_row][vc_column][vc_column_text]Kh\u00ed n\u00e9n \u0111\u1ec3 \u0111\u00e1p \u1ee9ng t\u1ea5t c\u1ea3 c\u00e1c y\u00eau c\u1ea7u v\u00e0 \u0111\u00e1p \u1ee9ng nh\u1eefng y\u00eau c\u1ea7u kh\u1eaft khe nh\u1ea5t &#8211; \u0111\u00f3 l\u00e0 nh\u1eefng g\u00ec m\u00e0 c\u00e1c m\u00e1y n\u00e9n v\u00e0 gi\u1ea3i ph\u00e1p h\u1ec7 th\u1ed1ng c\u1ee7a ch\u00fang t\u00f4i \u0111\u00e3 \u0111\u01b0\u1ee3c ph\u00e1t tri\u1ec3n v\u1edbi \u0111\u1ed9 ch\u00ednh x\u00e1c cao. Cho d\u00f9 trong ng\u00e0nh th\u1ef1c ph\u1ea9m, nh\u1ef1a, th\u00e9p hay d\u01b0\u1ee3c","og_url":"https:\/\/mtivn.com\/san-pham-2\/","og_site_name":"BOGE VI\u1ec6T NAM","twitter_card":"summary_large_image","twitter_misc":{"Est. reading time":"2 minutes"},"schema":{"@context":"https:\/\/schema.org","@graph":[{"@type":"WebPage","@id":"https:\/\/mtivn.com\/san-pham-2\/","url":"https:\/\/mtivn.com\/san-pham-2\/","name":"Product - BOGE VI\u1ec6T NAM","isPartOf":{"@id":"https:\/\/mtivn.com\/#website"},"datePublished":"2023-10-14T03:25:27+00:00","breadcrumb":{"@id":"https:\/\/mtivn.com\/san-pham-2\/#breadcrumb"},"inLanguage":"en-US","potentialAction":[{"@type":"ReadAction","target":["https:\/\/mtivn.com\/san-pham-2\/"]}]},{"@type":"BreadcrumbList","@id":"https:\/\/mtivn.com\/san-pham-2\/#breadcrumb","itemListElement":[{"@type":"ListItem","position":1,"name":"Trang ch\u1ee7","item":"https:\/\/mtivn.com\/"},{"@type":"ListItem","position":2,"name":"Product"}]},{"@type":"WebSite","@id":"https:\/\/mtivn.com\/#website","url":"https:\/\/mtivn.com\/","name":"BOGE VI\u1ec6T NAM","description":"Chuy\u00ean cung c\u1ea5p H\u1ec7 Th\u1ed1ng Kh\u00ed N\u00e9n Boge","potentialAction":[{"@type":"SearchAction","target":{"@type":"EntryPoint","urlTemplate":"https:\/\/mtivn.com\/?s={search_term_string}"},"query-input":{"@type":"PropertyValueSpecification","valueRequired":true,"valueName":"search_term_string"}}],"inLanguage":"en-US"}]}},"_links":{"self":[{"href":"https:\/\/mtivn.com\/en\/wp-json\/wp\/v2\/pages\/601","targetHints":{"allow":["GET"]}}],"collection":[{"href":"https:\/\/mtivn.com\/en\/wp-json\/wp\/v2\/pages"}],"about":[{"href":"https:\/\/mtivn.com\/en\/wp-json\/wp\/v2\/types\/page"}],"author":[{"embeddable":true,"href":"https:\/\/mtivn.com\/en\/wp-json\/wp\/v2\/users\/1"}],"replies":[{"embeddable":true,"href":"https:\/\/mtivn.com\/en\/wp-json\/wp\/v2\/comments?post=601"}],"version-history":[{"count":1,"href":"https:\/\/mtivn.com\/en\/wp-json\/wp\/v2\/pages\/601\/revisions"}],"predecessor-version":[{"id":602,"href":"https:\/\/mtivn.com\/en\/wp-json\/wp\/v2\/pages\/601\/revisions\/602"}],"wp:attachment":[{"href":"https:\/\/mtivn.com\/en\/wp-json\/wp\/v2\/media?parent=601"}],"curies":[{"name":"wp","href":"https:\/\/api.w.org\/{rel}","templated":true}]}}