{"id":597,"date":"2023-10-14T10:23:44","date_gmt":"2023-10-14T03:23:44","guid":{"rendered":"https:\/\/mtivn.com\/?page_id=597"},"modified":"2023-10-14T10:25:02","modified_gmt":"2023-10-14T03:25:02","slug":"service","status":"publish","type":"page","link":"https:\/\/mtivn.com\/en\/service\/","title":{"rendered":"Service"},"content":{"rendered":"<section class=\"wpb-content-wrapper\"><p>[vc_row][vc_column]<div class=\"applicate-area applicate-grid\">\n\t<div class=\"row\">\n\t\t\t\t<div class=\"col-lg-4 col-sm-6\">\n\t\t\t\n<article class=\"post-607 service type-service status-publish has-post-thumbnail hentry\" id=\"service-607\">\n\t<div class=\"service-item\"> \n\t\t<a class=\"service-slider-item-link\" href=\"https:\/\/mtivn.com\/en\/dich-vu\/air-compressor-rental\/\">\n\t\t\t<div class=\"service-item-media\">\n\t\t\t\t<img loading=\"lazy\" decoding=\"async\" width=\"1680\" height=\"776\" src=\"https:\/\/mtivn.com\/wp-content\/uploads\/2022\/12\/image_viewer-4.jpeg\" class=\"attachment-post-thumbnail size-post-thumbnail wp-post-image\" alt=\"\" srcset=\"https:\/\/mtivn.com\/wp-content\/uploads\/2022\/12\/image_viewer-4.jpeg 1680w, https:\/\/mtivn.com\/wp-content\/uploads\/2022\/12\/image_viewer-4-300x139.jpeg 300w, https:\/\/mtivn.com\/wp-content\/uploads\/2022\/12\/image_viewer-4-1024x473.jpeg 1024w, https:\/\/mtivn.com\/wp-content\/uploads\/2022\/12\/image_viewer-4-768x355.jpeg 768w, https:\/\/mtivn.com\/wp-content\/uploads\/2022\/12\/image_viewer-4-1536x709.jpeg 1536w\" sizes=\"auto, (max-width: 1680px) 100vw, 1680px\" \/>\t\t\t<\/div>\n\t\t\t<div class=\"service-item-content\">\n\t\t\t\t<h5 class=\"service-post-title\">Air compressor rental<i class=\"ti-arrow-right\"><\/i><\/h5>\n\t\t\t\t<div class=\"service-item-excerpt\"><p>M\u00e1y N\u00e9n Kh\u00ed MTI \u0111ang tri\u1ec3n khai d\u1ecbch v\u1ee5 Cho Thu\u00ea M\u00e1y N\u00e9n Kh\u00ed nh\u1eb1m gia t\u0103ng l\u1ee3i \u00edch cho Qu\u00fd kh\u00e1ch h\u00e0ng trong vi\u1ec7c c\u1eaft gi\u1ea3m chi ph\u00ed, n\u00e2ng cao n\u0103ng su\u1ea5t v\u00e0 hi\u1ec7u qu\u1ea3 l\u00e0m vi\u1ec7c.<\/p>\n<\/div>\n\t\t\t<\/div>\n\t\t<\/a>\n\t<\/div>\n<\/article><!-- #post-## --><!-- #post-## -->\n\t\t<\/div>\n\t\t\t\t<div class=\"col-lg-4 col-sm-6\">\n\t\t\t\n<article class=\"post-606 service type-service status-publish has-post-thumbnail hentry\" id=\"service-606\">\n\t<div class=\"service-item\"> \n\t\t<a class=\"service-slider-item-link\" href=\"https:\/\/mtivn.com\/en\/dich-vu\/spare-parts\/\">\n\t\t\t<div class=\"service-item-media\">\n\t\t\t\t<img loading=\"lazy\" decoding=\"async\" width=\"1680\" height=\"776\" src=\"https:\/\/mtivn.com\/wp-content\/uploads\/2022\/12\/image_viewer-2.jpeg\" class=\"attachment-post-thumbnail size-post-thumbnail wp-post-image\" alt=\"\" srcset=\"https:\/\/mtivn.com\/wp-content\/uploads\/2022\/12\/image_viewer-2.jpeg 1680w, https:\/\/mtivn.com\/wp-content\/uploads\/2022\/12\/image_viewer-2-300x139.jpeg 300w, https:\/\/mtivn.com\/wp-content\/uploads\/2022\/12\/image_viewer-2-1024x473.jpeg 1024w, https:\/\/mtivn.com\/wp-content\/uploads\/2022\/12\/image_viewer-2-768x355.jpeg 768w, https:\/\/mtivn.com\/wp-content\/uploads\/2022\/12\/image_viewer-2-1536x709.jpeg 1536w\" sizes=\"auto, (max-width: 1680px) 100vw, 1680px\" \/>\t\t\t<\/div>\n\t\t\t<div class=\"service-item-content\">\n\t\t\t\t<h5 class=\"service-post-title\">Spare parts<i class=\"ti-arrow-right\"><\/i><\/h5>\n\t\t\t\t<div class=\"service-item-excerpt\"><p>Giao d\u1ecbch \u0111\u01b0\u1ee3c th\u1ef1c hi\u1ec7n nhanh ch\u00f3ng trong kh\u00f4ng gian tho\u1ea3i m\u00e1i v\u00e0 m\u00e1t m\u1ebb, \u0111\u01b0\u1ee3c x\u1eed l\u00fd b\u1edfi \u0111\u1ed9i ng\u0169 nh\u00e2n vi\u00ean chuy\u00ean nghi\u1ec7p lu\u00f4n s\u1eb5n s\u00e0ng \u0111\u00e1p \u1ee9ng nhu c\u1ea7u c\u1ee7a b\u1ea1n.<\/p>\n<\/div>\n\t\t\t<\/div>\n\t\t<\/a>\n\t<\/div>\n<\/article><!-- #post-## --><!-- #post-## -->\n\t\t<\/div>\n\t\t\t\t<div class=\"col-lg-4 col-sm-6\">\n\t\t\t\n<article class=\"post-605 service type-service status-publish has-post-thumbnail hentry\" id=\"service-605\">\n\t<div class=\"service-item\"> \n\t\t<a class=\"service-slider-item-link\" href=\"https:\/\/mtivn.com\/en\/dich-vu\/maintenance-service\/\">\n\t\t\t<div class=\"service-item-media\">\n\t\t\t\t<img loading=\"lazy\" decoding=\"async\" width=\"1680\" height=\"776\" src=\"https:\/\/mtivn.com\/wp-content\/uploads\/2022\/12\/image_viewer-3.jpeg\" class=\"attachment-post-thumbnail size-post-thumbnail wp-post-image\" alt=\"\" srcset=\"https:\/\/mtivn.com\/wp-content\/uploads\/2022\/12\/image_viewer-3.jpeg 1680w, https:\/\/mtivn.com\/wp-content\/uploads\/2022\/12\/image_viewer-3-300x139.jpeg 300w, https:\/\/mtivn.com\/wp-content\/uploads\/2022\/12\/image_viewer-3-1024x473.jpeg 1024w, https:\/\/mtivn.com\/wp-content\/uploads\/2022\/12\/image_viewer-3-768x355.jpeg 768w, https:\/\/mtivn.com\/wp-content\/uploads\/2022\/12\/image_viewer-3-1536x709.jpeg 1536w\" sizes=\"auto, (max-width: 1680px) 100vw, 1680px\" \/>\t\t\t<\/div>\n\t\t\t<div class=\"service-item-content\">\n\t\t\t\t<h5 class=\"service-post-title\">Maintenance service<i class=\"ti-arrow-right\"><\/i><\/h5>\n\t\t\t\t<div class=\"service-item-excerpt\"><p>MTI Vietnam cung c\u1ea5p d\u1ecbch v\u1ee5 b\u1ea3o tr\u00ec nh\u1eb1m ng\u0103n ng\u1eeba s\u1ef1 c\u1ed1 ph\u00e1t sinh v\u00e0 \u0111\u1ea3m b\u1ea3o hi\u1ec7u su\u1ea5t t\u1ed1i \u01b0u cho h\u1ec7 th\u1ed1ng m\u00e1y n\u00e9n khi ho\u1ea1t \u0111\u1ed9ng trong nhi\u1ec1u n\u0103m.<\/p>\n<\/div>\n\t\t\t<\/div>\n\t\t<\/a>\n\t<\/div>\n<\/article><!-- #post-## --><!-- #post-## -->\n\t\t<\/div>\n\t\t\t<\/div>\n<\/div>\t\n[\/vc_column][\/vc_row]<\/p>\n<\/section>","protected":false},"excerpt":{"rendered":"<p>[vc_row][vc_column][\/vc_column][\/vc_row]<\/p>\n","protected":false},"author":1,"featured_media":0,"parent":0,"menu_order":0,"comment_status":"closed","ping_status":"closed","template":"page-templates\/fullwidthpage.php","meta":{"footnotes":""},"class_list":["post-597","page","type-page","status-publish","hentry"],"acf":[],"yoast_head":"<!-- This site is optimized with the Yoast SEO plugin v27.1.1 - https:\/\/yoast.com\/product\/yoast-seo-wordpress\/ -->\n<title>Service - BOGE VI\u1ec6T NAM<\/title>\n<meta name=\"robots\" content=\"index, follow, max-snippet:-1, max-image-preview:large, max-video-preview:-1\" \/>\n<link rel=\"canonical\" href=\"https:\/\/mtivn.com\/dich-vu-mti\/\" \/>\n<meta property=\"og:locale\" content=\"en_US\" \/>\n<meta property=\"og:type\" content=\"article\" \/>\n<meta property=\"og:title\" content=\"Service - BOGE VI\u1ec6T NAM\" \/>\n<meta property=\"og:description\" content=\"[vc_row][vc_column][\/vc_column][\/vc_row]\" \/>\n<meta property=\"og:url\" content=\"https:\/\/mtivn.com\/dich-vu-mti\/\" \/>\n<meta property=\"og:site_name\" content=\"BOGE VI\u1ec6T NAM\" \/>\n<meta property=\"article:modified_time\" content=\"2023-10-14T03:25:02+00:00\" \/>\n<meta name=\"twitter:card\" content=\"summary_large_image\" \/>\n<meta name=\"twitter:label1\" content=\"Est. reading time\" \/>\n\t<meta name=\"twitter:data1\" content=\"1 minute\" \/>\n<script type=\"application\/ld+json\" class=\"yoast-schema-graph\">{\"@context\":\"https:\/\/schema.org\",\"@graph\":[{\"@type\":\"WebPage\",\"@id\":\"https:\/\/mtivn.com\/dich-vu-mti\/\",\"url\":\"https:\/\/mtivn.com\/dich-vu-mti\/\",\"name\":\"Service - BOGE VI\u1ec6T NAM\",\"isPartOf\":{\"@id\":\"https:\/\/mtivn.com\/#website\"},\"datePublished\":\"2023-10-14T03:23:44+00:00\",\"dateModified\":\"2023-10-14T03:25:02+00:00\",\"breadcrumb\":{\"@id\":\"https:\/\/mtivn.com\/dich-vu-mti\/#breadcrumb\"},\"inLanguage\":\"en-US\",\"potentialAction\":[{\"@type\":\"ReadAction\",\"target\":[\"https:\/\/mtivn.com\/dich-vu-mti\/\"]}]},{\"@type\":\"BreadcrumbList\",\"@id\":\"https:\/\/mtivn.com\/dich-vu-mti\/#breadcrumb\",\"itemListElement\":[{\"@type\":\"ListItem\",\"position\":1,\"name\":\"Trang ch\u1ee7\",\"item\":\"https:\/\/mtivn.com\/\"},{\"@type\":\"ListItem\",\"position\":2,\"name\":\"Service\"}]},{\"@type\":\"WebSite\",\"@id\":\"https:\/\/mtivn.com\/#website\",\"url\":\"https:\/\/mtivn.com\/\",\"name\":\"BOGE VI\u1ec6T NAM\",\"description\":\"Chuy\u00ean cung c\u1ea5p H\u1ec7 Th\u1ed1ng Kh\u00ed N\u00e9n Boge\",\"potentialAction\":[{\"@type\":\"SearchAction\",\"target\":{\"@type\":\"EntryPoint\",\"urlTemplate\":\"https:\/\/mtivn.com\/?s={search_term_string}\"},\"query-input\":{\"@type\":\"PropertyValueSpecification\",\"valueRequired\":true,\"valueName\":\"search_term_string\"}}],\"inLanguage\":\"en-US\"}]}<\/script>\n<!-- \/ Yoast SEO plugin. -->","yoast_head_json":{"title":"Service - BOGE VI\u1ec6T NAM","robots":{"index":"index","follow":"follow","max-snippet":"max-snippet:-1","max-image-preview":"max-image-preview:large","max-video-preview":"max-video-preview:-1"},"canonical":"https:\/\/mtivn.com\/dich-vu-mti\/","og_locale":"en_US","og_type":"article","og_title":"Service - BOGE VI\u1ec6T NAM","og_description":"[vc_row][vc_column][\/vc_column][\/vc_row]","og_url":"https:\/\/mtivn.com\/dich-vu-mti\/","og_site_name":"BOGE VI\u1ec6T NAM","article_modified_time":"2023-10-14T03:25:02+00:00","twitter_card":"summary_large_image","twitter_misc":{"Est. reading time":"1 minute"},"schema":{"@context":"https:\/\/schema.org","@graph":[{"@type":"WebPage","@id":"https:\/\/mtivn.com\/dich-vu-mti\/","url":"https:\/\/mtivn.com\/dich-vu-mti\/","name":"Service - BOGE VI\u1ec6T NAM","isPartOf":{"@id":"https:\/\/mtivn.com\/#website"},"datePublished":"2023-10-14T03:23:44+00:00","dateModified":"2023-10-14T03:25:02+00:00","breadcrumb":{"@id":"https:\/\/mtivn.com\/dich-vu-mti\/#breadcrumb"},"inLanguage":"en-US","potentialAction":[{"@type":"ReadAction","target":["https:\/\/mtivn.com\/dich-vu-mti\/"]}]},{"@type":"BreadcrumbList","@id":"https:\/\/mtivn.com\/dich-vu-mti\/#breadcrumb","itemListElement":[{"@type":"ListItem","position":1,"name":"Trang ch\u1ee7","item":"https:\/\/mtivn.com\/"},{"@type":"ListItem","position":2,"name":"Service"}]},{"@type":"WebSite","@id":"https:\/\/mtivn.com\/#website","url":"https:\/\/mtivn.com\/","name":"BOGE VI\u1ec6T NAM","description":"Chuy\u00ean cung c\u1ea5p H\u1ec7 Th\u1ed1ng Kh\u00ed N\u00e9n Boge","potentialAction":[{"@type":"SearchAction","target":{"@type":"EntryPoint","urlTemplate":"https:\/\/mtivn.com\/?s={search_term_string}"},"query-input":{"@type":"PropertyValueSpecification","valueRequired":true,"valueName":"search_term_string"}}],"inLanguage":"en-US"}]}},"_links":{"self":[{"href":"https:\/\/mtivn.com\/en\/wp-json\/wp\/v2\/pages\/597","targetHints":{"allow":["GET"]}}],"collection":[{"href":"https:\/\/mtivn.com\/en\/wp-json\/wp\/v2\/pages"}],"about":[{"href":"https:\/\/mtivn.com\/en\/wp-json\/wp\/v2\/types\/page"}],"author":[{"embeddable":true,"href":"https:\/\/mtivn.com\/en\/wp-json\/wp\/v2\/users\/1"}],"replies":[{"embeddable":true,"href":"https:\/\/mtivn.com\/en\/wp-json\/wp\/v2\/comments?post=597"}],"version-history":[{"count":2,"href":"https:\/\/mtivn.com\/en\/wp-json\/wp\/v2\/pages\/597\/revisions"}],"predecessor-version":[{"id":600,"href":"https:\/\/mtivn.com\/en\/wp-json\/wp\/v2\/pages\/597\/revisions\/600"}],"wp:attachment":[{"href":"https:\/\/mtivn.com\/en\/wp-json\/wp\/v2\/media?parent=597"}],"curies":[{"name":"wp","href":"https:\/\/api.w.org\/{rel}","templated":true}]}}