{"id":586,"date":"2023-10-14T10:20:30","date_gmt":"2023-10-14T03:20:30","guid":{"rendered":"https:\/\/mtivn.com\/?page_id=586"},"modified":"2023-10-14T10:20:30","modified_gmt":"2023-10-14T03:20:30","slug":"contact","status":"publish","type":"page","link":"https:\/\/mtivn.com\/en\/contact\/","title":{"rendered":"Contact"},"content":{"rendered":"<section class=\"wpb-content-wrapper\"><p>[vc_row css=&#8221;.vc_custom_1559548963532{padding-bottom: 35px !important;}&#8221;][vc_column width=&#8221;7\/12&#8243; css=&#8221;.vc_custom_1530458307049{padding-top: 35px !important;padding-right: 15px !important;padding-bottom: 35px !important;padding-left: 15px !important;background-color: #f5f6f6 !important;}&#8221;][vc_custom_heading text=&#8221;Form li\u00ean h\u1ec7&#8221; use_theme_fonts=&#8221;yes&#8221; el_class=&#8221;text-uppercase text-primary mb-0 text-oswald&#8221;][vc_empty_space height=&#8221;10px&#8221;]\n<div class=\"wpcf7 no-js\" id=\"wpcf7-f5-o1\" lang=\"vi\" dir=\"ltr\" data-wpcf7-id=\"5\">\n<div class=\"screen-reader-response\"><p role=\"status\" aria-live=\"polite\" aria-atomic=\"true\"><\/p> <ul><\/ul><\/div>\n<form action=\"\/en\/wp-json\/wp\/v2\/pages\/586#wpcf7-f5-o1\" method=\"post\" class=\"wpcf7-form init\" aria-label=\"Form li\u00ean h\u1ec7\" novalidate=\"novalidate\" data-status=\"init\">\n<fieldset class=\"hidden-fields-container\"><input type=\"hidden\" name=\"_wpcf7\" value=\"5\" \/><input type=\"hidden\" name=\"_wpcf7_version\" value=\"6.1.5\" \/><input type=\"hidden\" name=\"_wpcf7_locale\" value=\"vi\" \/><input type=\"hidden\" name=\"_wpcf7_unit_tag\" value=\"wpcf7-f5-o1\" \/><input type=\"hidden\" name=\"_wpcf7_container_post\" value=\"0\" \/><input type=\"hidden\" name=\"_wpcf7_posted_data_hash\" value=\"\" \/>\n<\/fieldset>\n<div class=\"row\">\n\t<div class=\"col-md-6\">\n\t\t<p><span class=\"wpcf7-form-control-wrap\" data-name=\"your-name\"><input size=\"40\" maxlength=\"400\" class=\"wpcf7-form-control wpcf7-text wpcf7-validates-as-required rounded-0 mb-3 p-2\" aria-required=\"true\" aria-invalid=\"false\" placeholder=\"H\u1ecd v\u00e0 t\u00ean\" value=\"\" type=\"text\" name=\"your-name\" \/><\/span>\n\t\t<\/p>\n\t<\/div>\n\t<div class=\"col-md-6\">\n\t\t<p><span class=\"wpcf7-form-control-wrap\" data-name=\"your-email\"><input size=\"40\" maxlength=\"400\" class=\"wpcf7-form-control wpcf7-email wpcf7-validates-as-required wpcf7-text wpcf7-validates-as-email rounded-0 mb-3 p-2\" aria-required=\"true\" aria-invalid=\"false\" placeholder=\"Email\" value=\"\" type=\"email\" name=\"your-email\" \/><\/span>\n\t\t<\/p>\n\t<\/div>\n\t<div class=\"col-md-6\">\n\t\t<p><span class=\"wpcf7-form-control-wrap\" data-name=\"tel-822\"><input size=\"40\" maxlength=\"400\" class=\"wpcf7-form-control wpcf7-tel wpcf7-text wpcf7-validates-as-tel rounded-0 mb-3 p-2\" aria-invalid=\"false\" placeholder=\"S\u1ed1 \u0111i\u1ec7n tho\u1ea1i\" value=\"\" type=\"tel\" name=\"tel-822\" \/><\/span>\n\t\t<\/p>\n\t<\/div>\n\t<div class=\"col-md-6\">\n\t\t<p><span class=\"wpcf7-form-control-wrap\" data-name=\"your-subject\"><input size=\"40\" maxlength=\"400\" class=\"wpcf7-form-control wpcf7-text rounded-0 mb-3 p-2\" aria-invalid=\"false\" placeholder=\"Ch\u1ee7 \u0111\u1ec1\" value=\"\" type=\"text\" name=\"your-subject\" \/><\/span>\n\t\t<\/p>\n\t<\/div>\n\t<div class=\"col-12\">\n\t\t<p><span class=\"wpcf7-form-control-wrap\" data-name=\"your-message\"><textarea cols=\"10\" rows=\"4\" maxlength=\"2000\" class=\"wpcf7-form-control wpcf7-textarea rounded-0 mb-3 p-2\" aria-invalid=\"false\" placeholder=\"L\u1eddi nh\u1eafn\" name=\"your-message\"><\/textarea><\/span>\n\t\t<\/p>\n\t<\/div>\n\t<div class=\"col-lg-4\">\n\t\t<p><input class=\"wpcf7-form-control wpcf7-submit has-spinner btn btn-primary btn-block rounded-0\" type=\"submit\" value=\"G\u1eedi \u0111i\" \/>\n\t\t<\/p>\n\t<\/div>\n<\/div><div class=\"wpcf7-response-output\" aria-hidden=\"true\"><\/div>\n<\/form>\n<\/div>\n[\/vc_column][vc_column width=&#8221;5\/12&#8243; el_class=&#8221;contact-info&#8221;][vc_custom_heading text=&#8221;Th\u00f4ng tin li\u00ean h\u1ec7&#8221; use_theme_fonts=&#8221;yes&#8221; el_class=&#8221;text-uppercase text-primary mb-0 text-oswald&#8221;][vc_column_text el_class=&#8221;mb-1&#8243;]N\u1ebfu b\u1ea1n c\u00f3 b\u1ea5t k\u00ec th\u1eafc m\u1eafc n\u00e0o, vui l\u00f2ng li\u00ean h\u1ec7 v\u1edbi ch\u00fang t\u00f4i v\u1edbi th\u00f4ng tin sau:[\/vc_column_text]<div class=\"item mb-2 icon-title-2\">\n\t<div class=\"media align-items-center\"><i class=\"fa fa-2x fas fa-map-marker bg-primary\"><\/i>\n\t\t<div class=\"media-body\"> <h6 class=\"text-uppercase text-justify mb-0 text-oswald\">\u0110\u1ecba ch\u1ec9:<\/h6>\n\t\t\t<p class=\"description text-justify m-0\">30 \u0110\u01b0\u1eddng D4A, Ph\u01b0\u1edbc Long B, Qu\u1eadn 9, Th\u00e0nh ph\u1ed1 H\u1ed3 Ch\u00ed Minh<\/p>\n\t\t<\/div><\/div>\n<\/div>\n<div class=\"item mb-2 icon-title-2\">\n\t<div class=\"media align-items-center\"><i class=\"fa fa-2x fas fa-map-marker bg-primary\"><\/i>\n\t\t<div class=\"media-body\"> <h6 class=\"text-uppercase text-justify mb-0 text-oswald\">H\u00e0 N\u1ed9i: <\/h6>\n\t\t\t<p class=\"description text-justify m-0\">S\u1ed1 15A, Ng\u00f5 24, Khu \u0110\u00f4 Th\u1ecb V\u0103n Ph\u00fa, P. Ph\u00fa La, Q. H\u00e0 \u0110\u00f4ng, TP. H\u00e0 N\u1ed9i<\/p>\n\t\t<\/div><\/div>\n<\/div>\n<div class=\"item mb-2 icon-title-2\">\n\t<div class=\"media align-items-center\"><i class=\"fa fa-2x fas fa-phone bg-primary\"><\/i>\n\t\t<div class=\"media-body\"> <h6 class=\"text-uppercase text-justify mb-0 text-oswald\">Phone<\/h6>\n\t\t\t<p class=\"description text-justify m-0\">0902 006 109<\/p>\n\t\t<\/div><\/div>\n<\/div>\n<div class=\"item mb-2 icon-title-2\">\n\t<div class=\"media align-items-center\"><i class=\"fa fa-2x fas fa-envelope bg-primary\"><\/i>\n\t\t<div class=\"media-body\"> <h6 class=\"text-uppercase text-justify mb-0 text-oswald\">Email<\/h6>\n\t\t\t<p class=\"description text-justify m-0\">info@mtivn.com<\/p>\n\t\t<\/div><\/div>\n<\/div>\n[\/vc_column][\/vc_row][vc_row full_width=&#8221;stretch_row_content_no_spaces&#8221;][vc_column][vc_gmaps link=&#8221;#E-8_JTNDaWZyYW1lJTIwc3JjJTNEJTIyaHR0cHMlM0ElMkYlMkZ3d3cuZ29vZ2xlLmNvbSUyRm1hcHMlMkZlbWJlZCUzRnBiJTNEJTIxMW0xOCUyMTFtMTIlMjExbTMlMjExZDM5MTkuMDY0OTExNjEzNzQ5NyUyMTJkMTA2Ljc3OTQzNjIxNDU4OTQlMjEzZDEwLjgwNjM0MDQ5MjMwMTIzMSUyMTJtMyUyMTFmMCUyMTJmMCUyMTNmMCUyMTNtMiUyMTFpMTAyNCUyMTJpNzY4JTIxNGYxMy4xJTIxM20zJTIxMW0yJTIxMXMweDMxNzUyNjhkNGQ0MDRiZWYlMjUzQTB4ZWNmYjdlMmFiM2JjYzRiMiUyMTJ6UThPMGJtY2dWSGtnVkc1b2FDQkR3N1J1WnlCT1oyaHA0YnVIY0NCTmRHa2dWbW5odTRkMElFNWhiUSUyMTVlMCUyMTNtMiUyMTFzdmklMjEycyUyMTR2MTY2OTg4NDM4MDIyOSUyMTVtMiUyMTFzdmklMjEycyUyMiUyMHdpZHRoJTNEJTIyNjAwJTIyJTIwaGVpZ2h0JTNEJTIyNDUwJTIyJTIwc3R5bGUlM0QlMjJib3JkZXIlM0EwJTNCJTIyJTIwYWxsb3dmdWxsc2NyZWVuJTNEJTIyJTIyJTIwbG9hZGluZyUzRCUyMmxhenklMjIlMjByZWZlcnJlcnBvbGljeSUzRCUyMm5vLXJlZmVycmVyLXdoZW4tZG93bmdyYWRlJTIyJTNFJTNDJTJGaWZyYW1lJTNF&#8221;][\/vc_column][\/vc_row]<\/p>\n<\/section>","protected":false},"excerpt":{"rendered":"<p>[vc_row css=&#8221;.vc_custom_1559548963532{padding-bottom: 35px !important;}&#8221;][vc_column width=&#8221;7\/12&#8243; css=&#8221;.vc_custom_1530458307049{padding-top: 35px !important;padding-right: 15px !important;padding-bottom: 35px !important;padding-left: 15px !important;background-color: #f5f6f6 !important;}&#8221;][vc_custom_heading text=&#8221;Form li\u00ean h\u1ec7&#8221; use_theme_fonts=&#8221;yes&#8221; el_class=&#8221;text-uppercase text-primary mb-0 text-oswald&#8221;][vc_empty_space height=&#8221;10px&#8221;][\/vc_column][vc_column width=&#8221;5\/12&#8243; el_class=&#8221;contact-info&#8221;][vc_custom_heading text=&#8221;Th\u00f4ng tin li\u00ean h\u1ec7&#8221; use_theme_fonts=&#8221;yes&#8221; el_class=&#8221;text-uppercase text-primary mb-0 text-oswald&#8221;][vc_column_text el_class=&#8221;mb-1&#8243;]N\u1ebfu b\u1ea1n c\u00f3 b\u1ea5t k\u00ec th\u1eafc m\u1eafc n\u00e0o, vui l\u00f2ng li\u00ean h\u1ec7 v\u1edbi ch\u00fang t\u00f4i v\u1edbi th\u00f4ng tin sau:[\/vc_column_text][\/vc_column][\/vc_row][vc_row<\/p>\n","protected":false},"author":1,"featured_media":0,"parent":0,"menu_order":0,"comment_status":"closed","ping_status":"closed","template":"page-templates\/fullwidthpage.php","meta":{"footnotes":""},"class_list":["post-586","page","type-page","status-publish","hentry"],"acf":[],"yoast_head":"<!-- This site is optimized with the Yoast SEO plugin v27.1.1 - https:\/\/yoast.com\/product\/yoast-seo-wordpress\/ -->\n<title>Contact - BOGE VI\u1ec6T NAM<\/title>\n<meta name=\"robots\" content=\"index, follow, max-snippet:-1, max-image-preview:large, max-video-preview:-1\" \/>\n<link rel=\"canonical\" href=\"https:\/\/mtivn.com\/lien-he\/\" \/>\n<meta property=\"og:locale\" content=\"en_US\" \/>\n<meta property=\"og:type\" content=\"article\" \/>\n<meta property=\"og:title\" content=\"Contact - BOGE VI\u1ec6T NAM\" \/>\n<meta property=\"og:description\" content=\"[vc_row css=&#8221;.vc_custom_1559548963532{padding-bottom: 35px !important;}&#8221;][vc_column width=&#8221;7\/12&#8243; css=&#8221;.vc_custom_1530458307049{padding-top: 35px !important;padding-right: 15px !important;padding-bottom: 35px !important;padding-left: 15px !important;background-color: #f5f6f6 !important;}&#8221;][vc_custom_heading text=&#8221;Form li\u00ean h\u1ec7&#8221; use_theme_fonts=&#8221;yes&#8221; el_class=&#8221;text-uppercase text-primary mb-0 text-oswald&#8221;][vc_empty_space height=&#8221;10px&#8221;][\/vc_column][vc_column width=&#8221;5\/12&#8243; el_class=&#8221;contact-info&#8221;][vc_custom_heading text=&#8221;Th\u00f4ng tin li\u00ean h\u1ec7&#8221; use_theme_fonts=&#8221;yes&#8221; el_class=&#8221;text-uppercase text-primary mb-0 text-oswald&#8221;][vc_column_text el_class=&#8221;mb-1&#8243;]N\u1ebfu b\u1ea1n c\u00f3 b\u1ea5t k\u00ec th\u1eafc m\u1eafc n\u00e0o, vui l\u00f2ng li\u00ean h\u1ec7 v\u1edbi ch\u00fang t\u00f4i v\u1edbi th\u00f4ng tin sau:[\/vc_column_text][\/vc_column][\/vc_row][vc_row\" \/>\n<meta property=\"og:url\" content=\"https:\/\/mtivn.com\/lien-he\/\" \/>\n<meta property=\"og:site_name\" content=\"BOGE VI\u1ec6T NAM\" \/>\n<meta name=\"twitter:card\" content=\"summary_large_image\" \/>\n<meta name=\"twitter:label1\" content=\"Est. reading time\" \/>\n\t<meta name=\"twitter:data1\" content=\"1 minute\" \/>\n<script type=\"application\/ld+json\" class=\"yoast-schema-graph\">{\"@context\":\"https:\/\/schema.org\",\"@graph\":[{\"@type\":\"WebPage\",\"@id\":\"https:\/\/mtivn.com\/lien-he\/\",\"url\":\"https:\/\/mtivn.com\/lien-he\/\",\"name\":\"Contact - BOGE VI\u1ec6T NAM\",\"isPartOf\":{\"@id\":\"https:\/\/mtivn.com\/#website\"},\"datePublished\":\"2023-10-14T03:20:30+00:00\",\"breadcrumb\":{\"@id\":\"https:\/\/mtivn.com\/lien-he\/#breadcrumb\"},\"inLanguage\":\"en-US\",\"potentialAction\":[{\"@type\":\"ReadAction\",\"target\":[\"https:\/\/mtivn.com\/lien-he\/\"]}]},{\"@type\":\"BreadcrumbList\",\"@id\":\"https:\/\/mtivn.com\/lien-he\/#breadcrumb\",\"itemListElement\":[{\"@type\":\"ListItem\",\"position\":1,\"name\":\"Trang ch\u1ee7\",\"item\":\"https:\/\/mtivn.com\/\"},{\"@type\":\"ListItem\",\"position\":2,\"name\":\"Contact\"}]},{\"@type\":\"WebSite\",\"@id\":\"https:\/\/mtivn.com\/#website\",\"url\":\"https:\/\/mtivn.com\/\",\"name\":\"BOGE VI\u1ec6T NAM\",\"description\":\"Chuy\u00ean cung c\u1ea5p H\u1ec7 Th\u1ed1ng Kh\u00ed N\u00e9n Boge\",\"potentialAction\":[{\"@type\":\"SearchAction\",\"target\":{\"@type\":\"EntryPoint\",\"urlTemplate\":\"https:\/\/mtivn.com\/?s={search_term_string}\"},\"query-input\":{\"@type\":\"PropertyValueSpecification\",\"valueRequired\":true,\"valueName\":\"search_term_string\"}}],\"inLanguage\":\"en-US\"}]}<\/script>\n<!-- \/ Yoast SEO plugin. -->","yoast_head_json":{"title":"Contact - BOGE VI\u1ec6T NAM","robots":{"index":"index","follow":"follow","max-snippet":"max-snippet:-1","max-image-preview":"max-image-preview:large","max-video-preview":"max-video-preview:-1"},"canonical":"https:\/\/mtivn.com\/lien-he\/","og_locale":"en_US","og_type":"article","og_title":"Contact - BOGE VI\u1ec6T NAM","og_description":"[vc_row css=&#8221;.vc_custom_1559548963532{padding-bottom: 35px !important;}&#8221;][vc_column width=&#8221;7\/12&#8243; css=&#8221;.vc_custom_1530458307049{padding-top: 35px !important;padding-right: 15px !important;padding-bottom: 35px !important;padding-left: 15px !important;background-color: #f5f6f6 !important;}&#8221;][vc_custom_heading text=&#8221;Form li\u00ean h\u1ec7&#8221; use_theme_fonts=&#8221;yes&#8221; el_class=&#8221;text-uppercase text-primary mb-0 text-oswald&#8221;][vc_empty_space height=&#8221;10px&#8221;][\/vc_column][vc_column width=&#8221;5\/12&#8243; el_class=&#8221;contact-info&#8221;][vc_custom_heading text=&#8221;Th\u00f4ng tin li\u00ean h\u1ec7&#8221; use_theme_fonts=&#8221;yes&#8221; el_class=&#8221;text-uppercase text-primary mb-0 text-oswald&#8221;][vc_column_text el_class=&#8221;mb-1&#8243;]N\u1ebfu b\u1ea1n c\u00f3 b\u1ea5t k\u00ec th\u1eafc m\u1eafc n\u00e0o, vui l\u00f2ng li\u00ean h\u1ec7 v\u1edbi ch\u00fang t\u00f4i v\u1edbi th\u00f4ng tin sau:[\/vc_column_text][\/vc_column][\/vc_row][vc_row","og_url":"https:\/\/mtivn.com\/lien-he\/","og_site_name":"BOGE VI\u1ec6T NAM","twitter_card":"summary_large_image","twitter_misc":{"Est. reading time":"1 minute"},"schema":{"@context":"https:\/\/schema.org","@graph":[{"@type":"WebPage","@id":"https:\/\/mtivn.com\/lien-he\/","url":"https:\/\/mtivn.com\/lien-he\/","name":"Contact - BOGE VI\u1ec6T NAM","isPartOf":{"@id":"https:\/\/mtivn.com\/#website"},"datePublished":"2023-10-14T03:20:30+00:00","breadcrumb":{"@id":"https:\/\/mtivn.com\/lien-he\/#breadcrumb"},"inLanguage":"en-US","potentialAction":[{"@type":"ReadAction","target":["https:\/\/mtivn.com\/lien-he\/"]}]},{"@type":"BreadcrumbList","@id":"https:\/\/mtivn.com\/lien-he\/#breadcrumb","itemListElement":[{"@type":"ListItem","position":1,"name":"Trang ch\u1ee7","item":"https:\/\/mtivn.com\/"},{"@type":"ListItem","position":2,"name":"Contact"}]},{"@type":"WebSite","@id":"https:\/\/mtivn.com\/#website","url":"https:\/\/mtivn.com\/","name":"BOGE VI\u1ec6T NAM","description":"Chuy\u00ean cung c\u1ea5p H\u1ec7 Th\u1ed1ng Kh\u00ed N\u00e9n Boge","potentialAction":[{"@type":"SearchAction","target":{"@type":"EntryPoint","urlTemplate":"https:\/\/mtivn.com\/?s={search_term_string}"},"query-input":{"@type":"PropertyValueSpecification","valueRequired":true,"valueName":"search_term_string"}}],"inLanguage":"en-US"}]}},"_links":{"self":[{"href":"https:\/\/mtivn.com\/en\/wp-json\/wp\/v2\/pages\/586","targetHints":{"allow":["GET"]}}],"collection":[{"href":"https:\/\/mtivn.com\/en\/wp-json\/wp\/v2\/pages"}],"about":[{"href":"https:\/\/mtivn.com\/en\/wp-json\/wp\/v2\/types\/page"}],"author":[{"embeddable":true,"href":"https:\/\/mtivn.com\/en\/wp-json\/wp\/v2\/users\/1"}],"replies":[{"embeddable":true,"href":"https:\/\/mtivn.com\/en\/wp-json\/wp\/v2\/comments?post=586"}],"version-history":[{"count":1,"href":"https:\/\/mtivn.com\/en\/wp-json\/wp\/v2\/pages\/586\/revisions"}],"predecessor-version":[{"id":587,"href":"https:\/\/mtivn.com\/en\/wp-json\/wp\/v2\/pages\/586\/revisions\/587"}],"wp:attachment":[{"href":"https:\/\/mtivn.com\/en\/wp-json\/wp\/v2\/media?parent=586"}],"curies":[{"name":"wp","href":"https:\/\/api.w.org\/{rel}","templated":true}]}}